{"id":10,"date":"2019-11-10T20:20:36","date_gmt":"2019-11-10T19:20:36","guid":{"rendered":"http:\/\/ecobotanicaperu.com\/?page_id=10"},"modified":"2025-09-17T16:58:13","modified_gmt":"2025-09-17T21:58:13","slug":"regalos-vivos","status":"publish","type":"page","link":"https:\/\/ecobotanicaperu.com\/","title":{"rendered":"Regalos Vivos"},"content":{"rendered":"<p>[et_pb_section fb_built=\u00bb1&#8243; _builder_version=\u00bb4.16&#8243; custom_padding=\u00bb31px||0px|||\u00bb global_colors_info=\u00bb{}\u00bb][et_pb_row _builder_version=\u00bb4.16&#8243; _module_preset=\u00bbdefault\u00bb custom_margin=\u00bb-33px|auto||auto||\u00bb custom_padding=\u00bb2px|||||\u00bb global_colors_info=\u00bb{}\u00bb][et_pb_column type=\u00bb4_4&#8243; _builder_version=\u00bb4.16&#8243; _module_preset=\u00bbdefault\u00bb global_colors_info=\u00bb{}\u00bb][et_pb_gallery gallery_ids=\u00bb685,686&#8243; fullwidth=\u00bbon\u00bb _builder_version=\u00bb4.27.4&#8243; _module_preset=\u00bbdefault\u00bb auto=\u00bbon\u00bb global_colors_info=\u00bb{}\u00bb][\/et_pb_gallery][\/et_pb_column][\/et_pb_row][et_pb_row column_structure=\u00bb1_2,1_2&#8243; _builder_version=\u00bb4.16&#8243; _module_preset=\u00bbdefault\u00bb global_colors_info=\u00bb{}\u00bb][et_pb_column type=\u00bb1_2&#8243; _builder_version=\u00bb4.16&#8243; _module_preset=\u00bbdefault\u00bb global_colors_info=\u00bb{}\u00bb][et_pb_image src=\u00bbhttps:\/\/ecobotanicaperu.com\/wp-content\/uploads\/2022\/03\/regalos-vivos-plantas-suculentas-personalizados-cumpleanos-aniversarios-corporativos-empresas-celebraciones-eventos-premium-ecobotanica-peru-lima-delivery-2.jpg\u00bb alt=\u00bbregalos vivos plantas suculentas personalizados cumplea\u00f1os aniversarios corporativos empresas celebraciones eventos premium ecobotanica peru lima delivery 2&#8243; title_text=\u00bbregalos vivos plantas suculentas personalizados cumplea\u00f1os aniversarios corporativos empresas celebraciones eventos premium ecobotanica peru lima delivery 2&#8243; align=\u00bbcenter\u00bb _builder_version=\u00bb4.16&#8243; _module_preset=\u00bbdefault\u00bb global_colors_info=\u00bb{}\u00bb][\/et_pb_image][\/et_pb_column][et_pb_column type=\u00bb1_2&#8243; _builder_version=\u00bb4.16&#8243; _module_preset=\u00bbdefault\u00bb global_colors_info=\u00bb{}\u00bb][et_pb_image src=\u00bbhttps:\/\/ecobotanicaperu.com\/wp-content\/uploads\/2022\/03\/regalos-vivos-plantas-suculentas-personalizados-cumpleanos-aniversarios-corporativos-empresas-celebraciones-eventos-premium-ecobotanica-peru-lima-delivery-1.jpg\u00bb alt=\u00bbregalos vivos plantas suculentas personalizados cumplea\u00f1os aniversarios corporativos empresas celebraciones eventos premium ecobotanica peru lima delivery 1&#8243; title_text=\u00bbregalos vivos plantas suculentas personalizados cumplea\u00f1os aniversarios corporativos empresas celebraciones eventos premium ecobotanica peru lima delivery 1&#8243; align=\u00bbcenter\u00bb _builder_version=\u00bb4.16&#8243; _module_preset=\u00bbdefault\u00bb global_colors_info=\u00bb{}\u00bb][\/et_pb_image][\/et_pb_column][\/et_pb_row][et_pb_row column_structure=\u00bb1_5,1_5,1_5,1_5,1_5&#8243; _builder_version=\u00bb4.16&#8243; custom_margin=\u00bb42px|auto||auto||\u00bb global_colors_info=\u00bb{}\u00bb][et_pb_column type=\u00bb1_5&#8243; _builder_version=\u00bb4.16&#8243; global_colors_info=\u00bb{}\u00bb][et_pb_blurb title=\u00bbRegalos con Proposito\u00bb image=\u00bbhttps:\/\/ecobotanicaperu.com\/wp-content\/uploads\/2022\/03\/gift.png\u00bb image_icon_width=\u00bb57%\u00bb _builder_version=\u00bb4.16&#8243; header_font=\u00bb||||||||\u00bb header_font_size=\u00bb15px\u00bb body_font=\u00bb||||||||\u00bb body_font_size=\u00bb12px\u00bb text_orientation=\u00bbcenter\u00bb global_colors_info=\u00bb{}\u00bb]<\/p>\n<p><em>Con cada compra estas ayudando a una organizaci\u00f3n<\/em><\/p>\n<p>[\/et_pb_blurb][\/et_pb_column][et_pb_column type=\u00bb1_5&#8243; _builder_version=\u00bb4.16&#8243; global_colors_info=\u00bb{}\u00bb][et_pb_blurb title=\u00bbCompra Online\u00bb image=\u00bbhttps:\/\/ecobotanicaperu.com\/wp-content\/uploads\/2022\/03\/shopping-cart.png\u00bb image_icon_width=\u00bb57%\u00bb _builder_version=\u00bb4.16&#8243; header_font_size=\u00bb15px\u00bb body_font_size=\u00bb12px\u00bb text_orientation=\u00bbcenter\u00bb global_colors_info=\u00bb{}\u00bb]<\/p>\n<p><em>Puedes comprar tus regalos los 365 d\u00edas del a\u00f1o 24\/7 en nuestra web segura SSL<\/em><\/p>\n<p>[\/et_pb_blurb][\/et_pb_column][et_pb_column type=\u00bb1_5&#8243; _builder_version=\u00bb4.16&#8243; global_colors_info=\u00bb{}\u00bb][et_pb_blurb title=\u00bbSuculentas de Colecci\u00f3n\u00bb image=\u00bbhttps:\/\/ecobotanicaperu.com\/wp-content\/uploads\/2022\/03\/planta.png\u00bb image_icon_width=\u00bb55%\u00bb _builder_version=\u00bb4.16&#8243; header_font_size=\u00bb15px\u00bb body_font_size=\u00bb12px\u00bb text_orientation=\u00bbcenter\u00bb global_colors_info=\u00bb{}\u00bb]<\/p>\n<p><i>Solo usamos plantas seleccionadas en nuestros regalos.<\/i><\/p>\n<p>[\/et_pb_blurb][\/et_pb_column][et_pb_column type=\u00bb1_5&#8243; _builder_version=\u00bb4.16&#8243; global_colors_info=\u00bb{}\u00bb][et_pb_blurb title=\u00bbDelivery a todo Lima\u00bb image=\u00bbhttps:\/\/ecobotanicaperu.com\/wp-content\/uploads\/2022\/03\/envio.png\u00bb image_icon_width=\u00bb55%\u00bb _builder_version=\u00bb4.16&#8243; header_font_size=\u00bb15px\u00bb body_font_size=\u00bb12px\u00bb text_orientation=\u00bbcenter\u00bb global_colors_info=\u00bb{}\u00bb]<\/p>\n<p><i>Env\u00eda o Recibe tus regalos a todo lima o el Per\u00fa\u00a0con total seguridad,<\/i><\/p>\n<p>[\/et_pb_blurb][\/et_pb_column][et_pb_column type=\u00bb1_5&#8243; _builder_version=\u00bb4.16&#8243; global_colors_info=\u00bb{}\u00bb][et_pb_blurb title=\u00bbCalidad Garantizada\u00bb image=\u00bbhttps:\/\/ecobotanicaperu.com\/wp-content\/uploads\/2022\/03\/shield.png\u00bb image_icon_width=\u00bb41%\u00bb _builder_version=\u00bb4.16&#8243; header_font_size=\u00bb15px\u00bb body_font_size=\u00bb12px\u00bb text_orientation=\u00bbcenter\u00bb global_colors_info=\u00bb{}\u00bb]<\/p>\n<p><i>Somos una empresa con m\u00e1s de 12 a\u00f1os de experiencia, cientos de clientes y empresas que nos avalan<\/i><\/p>\n<p>[\/et_pb_blurb][\/et_pb_column][\/et_pb_row][et_pb_row _builder_version=\u00bb4.25.0&#8243; _module_preset=\u00bbdefault\u00bb custom_margin=\u00bb40px|auto|1px|auto||\u00bb global_colors_info=\u00bb{}\u00bb][et_pb_column type=\u00bb4_4&#8243; _builder_version=\u00bb4.25.0&#8243; _module_preset=\u00bbdefault\u00bb global_colors_info=\u00bb{}\u00bb][et_pb_text _builder_version=\u00bb4.25.0&#8243; _module_preset=\u00bbdefault\u00bb global_colors_info=\u00bb{}\u00bb]<\/p>\n<h1 style=\"text-align: center;\">Recuerdos Vivos para Eventos Sociales<\/h1>\n<p>[\/et_pb_text][et_pb_shop type=\u00bbproduct_category\u00bb posts_number=\u00bb10&#8243; include_categories=\u00bb145&#8243; columns_number=\u00bb5&#8243; orderby=\u00bbdate-desc\u00bb _builder_version=\u00bb4.27.4&#8243; _module_preset=\u00bbdefault\u00bb hover_enabled=\u00bb0&#8243; global_colors_info=\u00bb{}\u00bb sticky_enabled=\u00bb0&#8243;][\/et_pb_shop][\/et_pb_column][\/et_pb_row][et_pb_row _builder_version=\u00bb4.16&#8243; _module_preset=\u00bbdefault\u00bb global_colors_info=\u00bb{}\u00bb][et_pb_column type=\u00bb4_4&#8243; _builder_version=\u00bb4.16&#8243; _module_preset=\u00bbdefault\u00bb global_colors_info=\u00bb{}\u00bb][et_pb_text _builder_version=\u00bb4.27.4&#8243; _module_preset=\u00bbdefault\u00bb custom_padding=\u00bb||3px|||\u00bb global_colors_info=\u00bb{}\u00bb]<\/p>\n<h1 style=\"text-align: center;\">Regalos Bot\u00e1nicos con Prop\u00f3sito Ecol\u00f3gico<\/h1>\n<p>[\/et_pb_text][et_pb_shop type=\u00bbproduct_category\u00bb posts_number=\u00bb8&#8243; include_categories=\u00bb119&#8243; columns_number=\u00bb4&#8243; _builder_version=\u00bb4.19.5&#8243; _module_preset=\u00bbdefault\u00bb global_colors_info=\u00bb{}\u00bb][\/et_pb_shop][\/et_pb_column][\/et_pb_row][\/et_pb_section][et_pb_section fb_built=\u00bb1&#8243; _builder_version=\u00bb4.16&#8243; custom_margin=\u00bb-39px|||||\u00bb global_colors_info=\u00bb{}\u00bb][et_pb_row _builder_version=\u00bb4.16&#8243; custom_padding=\u00bb31px|||||\u00bb global_colors_info=\u00bb{}\u00bb][et_pb_column type=\u00bb4_4&#8243; _builder_version=\u00bb4.16&#8243; global_colors_info=\u00bb{}\u00bb][et_pb_text _builder_version=\u00bb4.16&#8243; text_font=\u00bbTrebuchet||||||||\u00bb custom_margin=\u00bb6px|||||\u00bb global_colors_info=\u00bb{}\u00bb]<\/p>\n<h1 style=\"text-align: center;\"><strong>Empresas que confian en nuestro trabajo<\/strong><\/h1>\n<p>[\/et_pb_text][et_pb_image src=\u00bbhttps:\/\/ecobotanicaperu.com\/wp-content\/uploads\/2020\/02\/CLIENTES-EMPRESAS-SATISFECHAS-ECOBOTANICA-PERU-REGALOS-VIVOS.jpg\u00bb _builder_version=\u00bb4.16&#8243; global_colors_info=\u00bb{}\u00bb][\/et_pb_image][\/et_pb_column][\/et_pb_row][\/et_pb_section]<\/p>\n","protected":false},"excerpt":{"rendered":"<p>Con cada compra estas ayudando a una organizaci\u00f3nPuedes comprar tus regalos los 365 d\u00edas del a\u00f1o 24\/7 en nuestra web segura SSLSolo usamos plantas seleccionadas en nuestros regalos.Env\u00eda o Recibe tus regalos a todo lima o el Per\u00fa\u00a0con total seguridad,Somos una empresa con m\u00e1s de 12 a\u00f1os de experiencia, cientos de clientes y empresas que [&hellip;]<\/p>\n","protected":false},"author":1,"featured_media":0,"parent":0,"menu_order":0,"comment_status":"closed","ping_status":"closed","template":"","meta":{"_et_pb_use_builder":"on","_et_pb_old_content":"<!-- wp:divi\/placeholder \/-->","_et_gb_content_width":"","_joinchat":[],"footnotes":""},"class_list":["post-10","page","type-page","status-publish","hentry"],"jetpack_sharing_enabled":true,"_links":{"self":[{"href":"https:\/\/ecobotanicaperu.com\/index.php\/wp-json\/wp\/v2\/pages\/10","targetHints":{"allow":["GET"]}}],"collection":[{"href":"https:\/\/ecobotanicaperu.com\/index.php\/wp-json\/wp\/v2\/pages"}],"about":[{"href":"https:\/\/ecobotanicaperu.com\/index.php\/wp-json\/wp\/v2\/types\/page"}],"author":[{"embeddable":true,"href":"https:\/\/ecobotanicaperu.com\/index.php\/wp-json\/wp\/v2\/users\/1"}],"replies":[{"embeddable":true,"href":"https:\/\/ecobotanicaperu.com\/index.php\/wp-json\/wp\/v2\/comments?post=10"}],"version-history":[{"count":25,"href":"https:\/\/ecobotanicaperu.com\/index.php\/wp-json\/wp\/v2\/pages\/10\/revisions"}],"predecessor-version":[{"id":938,"href":"https:\/\/ecobotanicaperu.com\/index.php\/wp-json\/wp\/v2\/pages\/10\/revisions\/938"}],"wp:attachment":[{"href":"https:\/\/ecobotanicaperu.com\/index.php\/wp-json\/wp\/v2\/media?parent=10"}],"curies":[{"name":"wp","href":"https:\/\/api.w.org\/{rel}","templated":true}]}}