{"id":303,"date":"2020-02-13T11:13:25","date_gmt":"2020-02-13T16:13:25","guid":{"rendered":"https:\/\/ecobotanicaperu.com\/?page_id=303"},"modified":"2022-04-22T12:15:31","modified_gmt":"2022-04-22T17:15:31","slug":"nosotros","status":"publish","type":"page","link":"https:\/\/ecobotanicaperu.com\/index.php\/nosotros\/","title":{"rendered":"Nosotros"},"content":{"rendered":"<p>[et_pb_section fb_built=\u00bb1&#8243; _builder_version=\u00bb4.16&#8243; custom_padding=\u00bb12px|||||\u00bb global_colors_info=\u00bb{}\u00bb][et_pb_row _builder_version=\u00bb4.16&#8243; custom_padding=\u00bb0px|||||\u00bb global_colors_info=\u00bb{}\u00bb][et_pb_column type=\u00bb4_4&#8243; _builder_version=\u00bb4.16&#8243; global_colors_info=\u00bb{}\u00bb][et_pb_image src=\u00bbhttps:\/\/ecobotanicaperu.com\/wp-content\/uploads\/2022\/03\/regalos-personalizados-peru-botanicos-plantas-suculentas-botanica-ecobotanica-muyita-gift-box-boxes-lima-delivery.png\u00bb align=\u00bbcenter\u00bb _builder_version=\u00bb4.17.1&#8243; width=\u00bb37%\u00bb max_width=\u00bb71%\u00bb custom_margin=\u00bb||107px|||\u00bb hover_enabled=\u00bb0&#8243; global_colors_info=\u00bb{}\u00bb alt=\u00bbregalos personalizados peru botanicos plantas suculentas botanica ecobotanica muyita gift box boxes lima delivery\u00bb title_text=\u00bbregalos personalizados peru botanicos plantas suculentas botanica ecobotanica muyita gift box boxes lima delivery\u00bb sticky_enabled=\u00bb0&#8243;][\/et_pb_image][et_pb_text _builder_version=\u00bb4.16&#8243; custom_margin=\u00bb-70px||-61px|||\u00bb custom_padding=\u00bb1px||0px|||\u00bb global_colors_info=\u00bb{}\u00bb]<\/p>\n<p style=\"text-align: center;\">Hola, somos Ecobot\u00e1nica Per\u00fa un equipo entusiasmado con embellecer un poco m\u00e1s tu vida, tu espacio y tus mejores momentos. Tenemos un Vivero Artesanal pero trabajamos con otros productores donde escogemos siempre la mejor materia prima para trabajar con calidad.<\/p>\n<p style=\"text-align: center;\">Somos amantes de la ecolog\u00eda, la naturaleza, las plantas, las flores y los animales. Por eso somos <strong>Ecobot\u00e1nica<\/strong> y con este proyecto estamos consiguiendo hacer realidad una pasi\u00f3n. Acercamos la naturaleza a tu vida de una manera mucho m\u00e1s natural, ecol\u00f3gica y econ\u00f3mica, <em><strong>porque de que sirve tener lindos productos si no son accesibles, esa no es nuestra filosof\u00eda<\/strong><\/em>.<\/p>\n<p>&nbsp;<\/p>\n<p>[\/et_pb_text][\/et_pb_column][\/et_pb_row][et_pb_row _builder_version=\u00bb4.16&#8243; global_colors_info=\u00bb{}\u00bb][et_pb_column type=\u00bb4_4&#8243; _builder_version=\u00bb4.16&#8243; global_colors_info=\u00bb{}\u00bb][et_pb_image src=\u00bbhttps:\/\/ecobotanicaperu.com\/wp-content\/uploads\/2020\/02\/variedad-pequenas-plantas-suculentas-maceta-dentro-casa-decorativa-madera-cagefor-aislado-blanco-bac_40120-490.jpg\u00bb align=\u00bbcenter\u00bb _builder_version=\u00bb4.16&#8243; global_colors_info=\u00bb{}\u00bb][\/et_pb_image][\/et_pb_column][\/et_pb_row][et_pb_row _builder_version=\u00bb4.16&#8243; global_colors_info=\u00bb{}\u00bb][et_pb_column type=\u00bb4_4&#8243; _builder_version=\u00bb4.16&#8243; global_colors_info=\u00bb{}\u00bb][et_pb_text _builder_version=\u00bb4.16&#8243; global_colors_info=\u00bb{}\u00bb]<\/p>\n<h2 style=\"text-align: center;\"><strong><em>\u00abNuestra filosof\u00eda se basa en la sencillez. A veces menos es m\u00e1s, por eso no elaboramos sofisticados arreglos florales.\u00bb<\/em><\/strong><\/h2>\n<p>[\/et_pb_text][\/et_pb_column][\/et_pb_row][et_pb_row _builder_version=\u00bb4.16&#8243; custom_margin=\u00bb-23px|auto||auto||\u00bb global_colors_info=\u00bb{}\u00bb][et_pb_column type=\u00bb4_4&#8243; _builder_version=\u00bb4.16&#8243; global_colors_info=\u00bb{}\u00bb][et_pb_text _builder_version=\u00bb4.16&#8243; custom_padding=\u00bb||1px|||\u00bb global_colors_info=\u00bb{}\u00bb]<\/p>\n<p style=\"text-align: center;\">Nuestro estilo es muy desenfadado, silvestre, fresco y sencillo. Acercamos las plantas a ti de una forma m\u00e1s f\u00e1cil, ya que disponemos de una tienda online que nos facilita la visualizaci\u00f3n y elecci\u00f3n de nuestras plantas. Tambi\u00e9n estamos trabajando en disponer de nuestro taller, un espacio muy personal donde elaboramos todos los pedidos para dictar Talleres Bot\u00e1nicos.\u00a0<\/p>\n<p style=\"text-align: center;\">Compartiremos contigo nuestros trabajos realizados, informaci\u00f3n interesante, novedades, talleres, etc. De todo un poco, para que nos conozcas un poquito m\u00e1s!.<\/p>\n<h2 style=\"text-align: center;\"><\/h2>\n<h2 style=\"text-align: center;\"><\/h2>\n<h2 style=\"text-align: center;\"><\/h2>\n<h2 style=\"text-align: center;\"><strong><em>Bienvenidos a nuestro peque\u00f1o mundo!<\/em><\/strong><\/h2>\n<p>[\/et_pb_text][\/et_pb_column][\/et_pb_row][\/et_pb_section]<\/p>\n","protected":false},"excerpt":{"rendered":"<p>Hola, somos Ecobot\u00e1nica Per\u00fa un equipo entusiasmado con embellecer un poco m\u00e1s tu vida, tu espacio y tus mejores momentos. Tenemos un Vivero Artesanal pero trabajamos con otros productores donde escogemos siempre la mejor materia prima para trabajar con calidad. Somos amantes de la ecolog\u00eda, la naturaleza, las plantas, las flores y los animales. Por [&hellip;]<\/p>\n","protected":false},"author":1,"featured_media":0,"parent":0,"menu_order":0,"comment_status":"closed","ping_status":"closed","template":"","meta":{"_et_pb_use_builder":"on","_et_pb_old_content":"","_et_gb_content_width":"","_joinchat":[],"footnotes":""},"class_list":["post-303","page","type-page","status-publish","hentry"],"jetpack_sharing_enabled":true,"_links":{"self":[{"href":"https:\/\/ecobotanicaperu.com\/index.php\/wp-json\/wp\/v2\/pages\/303","targetHints":{"allow":["GET"]}}],"collection":[{"href":"https:\/\/ecobotanicaperu.com\/index.php\/wp-json\/wp\/v2\/pages"}],"about":[{"href":"https:\/\/ecobotanicaperu.com\/index.php\/wp-json\/wp\/v2\/types\/page"}],"author":[{"embeddable":true,"href":"https:\/\/ecobotanicaperu.com\/index.php\/wp-json\/wp\/v2\/users\/1"}],"replies":[{"embeddable":true,"href":"https:\/\/ecobotanicaperu.com\/index.php\/wp-json\/wp\/v2\/comments?post=303"}],"version-history":[{"count":1,"href":"https:\/\/ecobotanicaperu.com\/index.php\/wp-json\/wp\/v2\/pages\/303\/revisions"}],"predecessor-version":[{"id":534,"href":"https:\/\/ecobotanicaperu.com\/index.php\/wp-json\/wp\/v2\/pages\/303\/revisions\/534"}],"wp:attachment":[{"href":"https:\/\/ecobotanicaperu.com\/index.php\/wp-json\/wp\/v2\/media?parent=303"}],"curies":[{"name":"wp","href":"https:\/\/api.w.org\/{rel}","templated":true}]}}