{"id":315,"date":"2020-02-13T12:02:37","date_gmt":"2020-02-13T17:02:37","guid":{"rendered":"https:\/\/ecobotanicaperu.com\/?post_type=product&#038;p=315"},"modified":"2022-03-27T19:21:54","modified_gmt":"2022-03-28T00:21:54","slug":"sansevieria-planta-purificadora-de-aire-lima-peru","status":"publish","type":"product","link":"https:\/\/ecobotanicaperu.com\/index.php\/producto\/sansevieria-planta-purificadora-de-aire-lima-peru\/","title":{"rendered":"Sansevieria Bucket"},"content":{"rendered":"<p>Es una de las plantas de interior m\u00e1s resistentes que existen. Una que, a\u00f1adido, cuenta con una belleza natural tan sencilla y tan singular al tiempo que se postula como la compa\u00f1era perfecta para cualquier decoraci\u00f3n. M\u00e1s all\u00e1 de su atractivo,<strong>\u00a0los cuidados de la sansevieria<\/strong>\u00a0son tan f\u00e1ciles\u00a0que disfrutar de ella en cualquier espacio es sencillo. Tan sencillo como conocer un poco m\u00e1s de ella y sus necesidades para dejar paso a la aut\u00e9ntica duda: d\u00f3nde colocarla para que luzca con su singular colorido.<\/p>\n<p>Su\u00a0<strong>car\u00e1cter r\u00fastico<\/strong>\u00a0marca de manera determinante los cuidados de la sansevieria. Una planta oriunda de Sud\u00e1frica tambi\u00e9n llamada \u00ablengua de tigre\u00bb por la forma de sus hojas: afiladas y acabadas en punta, intensamente verdes con matices gris\u00e1ceos y con filos amarillos en los costados. Una disposici\u00f3n natural de tonos que hace que conjugue a la perfecci\u00f3n en cualquier interiorismo.<\/p>\n<p>Antes de entrar en detalle sobre los cuidados de la sansevieria, es importante conocer su otro sobrenombre: la indestructible. Un t\u00e9rmino que se ajusta a una planta que, a pesar de tener unas necesidades espec\u00edficas, se adapta a ambientes completamente diferentes a los que son sus ideales.<\/p>\n<p>En el caso de la Sansevieria, es adecuada para limpiar el aire del vol\u00e1til e inflamable gas formaldeh\u00eddo o metanal, un compuesto qu\u00edmico que se encuentra en productos de madera prensada, bolsas de supermercado, papel encerado, aglutinantes adhesivos en revestimientos de suelos, humo de cigarrillos y gas natural, entre otros.<\/p>\n","protected":false},"excerpt":{"rendered":"<p>La Inmortal Sansevieria, es adecuada para limpiar el aire del vol\u00e1til e inflamable gas formaldeh\u00eddo o metanal, un compuesto qu\u00edmico que se encuentra en productos de madera prensada, bolsas de supermercado, papel encerado, aglutinantes adhesivos en revestimientos de suelos, humo de cigarrillos y gas natural, entre otros.<\/p>\n<p>Es un maravilloso regalo recomendado por la Nasa \ud83d\ude42 para purificar el aire de tu hogar.<\/p>\n","protected":false},"featured_media":420,"template":"","meta":{"_et_pb_use_builder":"","_et_pb_old_content":"","_et_gb_content_width":"","_joinchat":[]},"product_brand":[],"product_cat":[24],"product_tag":[25,26,27,28,29,30,31,32,33,34,35,36,37,38,39,40,41,80,42,43,44,45,46,47,48,49,50,51,52,53,54,55,56,57,58,59,60,61,62,63,64,65,66,67,68,69,70,71,72,73,74,75,76,77,78],"class_list":{"0":"post-315","1":"product","2":"type-product","3":"status-publish","4":"has-post-thumbnail","6":"product_cat-general","7":"product_tag-barato","8":"product_tag-box-de-regalos-corporativos","9":"product_tag-cajas-de-regalo-corporativos","10":"product_tag-canastas-navidenas-peru","11":"product_tag-economico","12":"product_tag-kokedamas","13":"product_tag-kokedamas-peru","14":"product_tag-kokedamasperu","15":"product_tag-lima","16":"product_tag-macetas-biodegradables","17":"product_tag-macetas-de-arcilla","18":"product_tag-macetas-de-cemento","19":"product_tag-macetas-decorativas-peru","20":"product_tag-merchandising-ecologico","21":"product_tag-peru","22":"product_tag-regalar-plantas","23":"product_tag-regalar-vida","24":"product_tag-regalos-2019","25":"product_tag-regalos-corporativos","26":"product_tag-regalos-corporativos-premium","27":"product_tag-regalos-de-aniversario-para-mi-novio","28":"product_tag-regalos-de-cumpleanos","29":"product_tag-regalos-de-navidad","30":"product_tag-regalos-ecologicos","31":"product_tag-regalos-ecologicos-peru","32":"product_tag-regalos-ecologicos-premium","33":"product_tag-regalos-empresariales","34":"product_tag-regalos-empresariales-premium","35":"product_tag-regalos-flores","36":"product_tag-regalos-navidad","37":"product_tag-regalos-para-cumpleanos","38":"product_tag-regalos-para-el-dia-del-padre","39":"product_tag-regalos-para-hombres","40":"product_tag-regalos-para-mama","41":"product_tag-regalos-para-mi-novio","42":"product_tag-regalos-para-mujeres","43":"product_tag-regalos-para-navidad","44":"product_tag-regalos-para-papa","45":"product_tag-regalos-personalizados","46":"product_tag-regalos-premium","47":"product_tag-regalos-premium-a-domicilio","48":"product_tag-regalos-premium-corporativos","49":"product_tag-regalos-premium-para-empresas","50":"product_tag-regalos-premium-para-hombres","51":"product_tag-regalos-premium-para-mujeres","52":"product_tag-regalos-premium-peru","53":"product_tag-regalos-primer-mes-de-enamorados","54":"product_tag-regalos-promocionales","55":"product_tag-regalos-vivos","56":"product_tag-regalos-vivos-peru","57":"product_tag-suculentas","58":"product_tag-suculentas-peru","59":"product_tag-suculentasperu","60":"product_tag-vivero-lima-peru","61":"product_tag-wilson","63":"first","64":"instock","65":"shipping-taxable","66":"purchasable","67":"product-type-simple"},"jetpack_sharing_enabled":true,"_links":{"self":[{"href":"https:\/\/ecobotanicaperu.com\/index.php\/wp-json\/wp\/v2\/product\/315","targetHints":{"allow":["GET"]}}],"collection":[{"href":"https:\/\/ecobotanicaperu.com\/index.php\/wp-json\/wp\/v2\/product"}],"about":[{"href":"https:\/\/ecobotanicaperu.com\/index.php\/wp-json\/wp\/v2\/types\/product"}],"wp:featuredmedia":[{"embeddable":true,"href":"https:\/\/ecobotanicaperu.com\/index.php\/wp-json\/wp\/v2\/media\/420"}],"wp:attachment":[{"href":"https:\/\/ecobotanicaperu.com\/index.php\/wp-json\/wp\/v2\/media?parent=315"}],"wp:term":[{"taxonomy":"product_brand","embeddable":true,"href":"https:\/\/ecobotanicaperu.com\/index.php\/wp-json\/wp\/v2\/product_brand?post=315"},{"taxonomy":"product_cat","embeddable":true,"href":"https:\/\/ecobotanicaperu.com\/index.php\/wp-json\/wp\/v2\/product_cat?post=315"},{"taxonomy":"product_tag","embeddable":true,"href":"https:\/\/ecobotanicaperu.com\/index.php\/wp-json\/wp\/v2\/product_tag?post=315"}],"curies":[{"name":"wp","href":"https:\/\/api.w.org\/{rel}","templated":true}]}}