{"id":317,"date":"2020-02-13T13:19:08","date_gmt":"2020-02-13T18:19:08","guid":{"rendered":"https:\/\/ecobotanicaperu.com\/?post_type=product&#038;p=317"},"modified":"2022-03-27T19:23:00","modified_gmt":"2022-03-28T00:23:00","slug":"terrario-de-suculentas-regalo-vivo-lima-peru","status":"publish","type":"product","link":"https:\/\/ecobotanicaperu.com\/index.php\/producto\/terrario-de-suculentas-regalo-vivo-lima-peru\/","title":{"rendered":"Terrarium de Suculentas Premium"},"content":{"rendered":"<p>Un\u00a0<b>terrario de suculentas<\/b> es la uni\u00f3n de verde y dise\u00f1o perfecta para tu casa. \u00a1Son demasiados hermosos los Terrarios de Ecobot\u00e1nica Per\u00fa!<\/p>\n<p class=\"btgad\">Para las personas ocupadas y olvidadizas, este tipo de terrario es perfecto, porque se trata de plantas que no necesitan tanta agua para estar bien. Otro beneficio es que podr\u00e1s cuidarlo t\u00fa misma, llenando de amor tu terrario con buenas energ\u00edas y ademas es un dise\u00f1o original. As\u00ed que, \u00bfqu\u00e9 est\u00e1s esperando para regalarlos en esa fecha especial o tener uno?<\/p>\n<p>Porque debemos tener un Terrario en Casa?<\/p>\n<p><b>Mejora la calidad del aire<\/b><\/p>\n<p>Gracias al proceso vital de las plantas llamado fotos\u00edntesis, el di\u00f3xido de carbono que existe en el ambiente se filtra y es transformado en ox\u00edgeno, mejorando as\u00ed la calidad del aire que respiramos.<\/p>\n<p><b>Ayuda a humedecer el ambiente<\/b><\/p>\n<p>Las plantas o terrarios humedecen el aire, lo cual ayuda a que nuestra piel est\u00e9 bien hidratada. Adem\u00e1s, contribuyen a mantener nuestras mucosas y la garganta en mejores condiciones.<\/p>\n<p><b>Act\u00faan como escudo natural contra la contaminaci\u00f3n<\/b><\/p>\n<p>Estos seres vivos absorben part\u00edculas y gases nocivos que est\u00e1n en el ambiente, como el humo del tabaco o el pegamento que existe en el aerosol. Gracias a las bacterias que se encuentran en la ra\u00edz, los contaminantes son transformados en nutrientes.<\/p>\n<p><b>Estimulan la productividad y la relajaci\u00f3n<\/b><\/p>\n<p>Est\u00e1 comprobado cient\u00edficamente que al tener plantas dentro de cualquier casa u oficina las personas se sienten m\u00e1s relajadas y son un poco m\u00e1s productivas. Un estudio realizado en el Royal College of Agriculture en Circencester, Inglaterra, demostr\u00f3 70% m\u00e1s atenci\u00f3n de los estudiantes cuando se les ense\u00f1aba en aulas con plantas. El ver las plantas, cuidarlas y respirar su aire limpio hace que los terrarios sean buenos compa\u00f1eros ecol\u00f3gicos y psicol\u00f3gicos.<\/p>\n","protected":false},"excerpt":{"rendered":"<p>Un jard\u00edn que podr\u00e1s tener en casa, que te ayudara a relajarte y a conectarte contigo misma. Este terrarium esta dise\u00f1ado para que mantenerlo sea divertido y hermoso. contiene un conjunto de suculentas seleccionadas muy resistentes y de f\u00e1cil cuidado.<\/p>\n<p>Viene en una hermosa caja de madera y est\u00e1n listas para ser regaladas a una persona amante de las suculentas.<\/p>\n","protected":false},"featured_media":415,"template":"","meta":{"_et_pb_use_builder":"","_et_pb_old_content":"","_et_gb_content_width":"","_joinchat":[]},"product_brand":[],"product_cat":[24],"product_tag":[25,26,27,28,29,30,31,32,33,34,35,36,37,38,39,40,41,80,42,43,44,45,46,47,48,49,50,51,52,53,54,55,56,57,58,59,60,61,62,63,64,65,66,67,68,69,70,71,72,73,74,75,76,77,78],"class_list":{"0":"post-317","1":"product","2":"type-product","3":"status-publish","4":"has-post-thumbnail","6":"product_cat-general","7":"product_tag-barato","8":"product_tag-box-de-regalos-corporativos","9":"product_tag-cajas-de-regalo-corporativos","10":"product_tag-canastas-navidenas-peru","11":"product_tag-economico","12":"product_tag-kokedamas","13":"product_tag-kokedamas-peru","14":"product_tag-kokedamasperu","15":"product_tag-lima","16":"product_tag-macetas-biodegradables","17":"product_tag-macetas-de-arcilla","18":"product_tag-macetas-de-cemento","19":"product_tag-macetas-decorativas-peru","20":"product_tag-merchandising-ecologico","21":"product_tag-peru","22":"product_tag-regalar-plantas","23":"product_tag-regalar-vida","24":"product_tag-regalos-2019","25":"product_tag-regalos-corporativos","26":"product_tag-regalos-corporativos-premium","27":"product_tag-regalos-de-aniversario-para-mi-novio","28":"product_tag-regalos-de-cumpleanos","29":"product_tag-regalos-de-navidad","30":"product_tag-regalos-ecologicos","31":"product_tag-regalos-ecologicos-peru","32":"product_tag-regalos-ecologicos-premium","33":"product_tag-regalos-empresariales","34":"product_tag-regalos-empresariales-premium","35":"product_tag-regalos-flores","36":"product_tag-regalos-navidad","37":"product_tag-regalos-para-cumpleanos","38":"product_tag-regalos-para-el-dia-del-padre","39":"product_tag-regalos-para-hombres","40":"product_tag-regalos-para-mama","41":"product_tag-regalos-para-mi-novio","42":"product_tag-regalos-para-mujeres","43":"product_tag-regalos-para-navidad","44":"product_tag-regalos-para-papa","45":"product_tag-regalos-personalizados","46":"product_tag-regalos-premium","47":"product_tag-regalos-premium-a-domicilio","48":"product_tag-regalos-premium-corporativos","49":"product_tag-regalos-premium-para-empresas","50":"product_tag-regalos-premium-para-hombres","51":"product_tag-regalos-premium-para-mujeres","52":"product_tag-regalos-premium-peru","53":"product_tag-regalos-primer-mes-de-enamorados","54":"product_tag-regalos-promocionales","55":"product_tag-regalos-vivos","56":"product_tag-regalos-vivos-peru","57":"product_tag-suculentas","58":"product_tag-suculentas-peru","59":"product_tag-suculentasperu","60":"product_tag-vivero-lima-peru","61":"product_tag-wilson","63":"first","64":"instock","65":"sale","66":"shipping-taxable","67":"purchasable","68":"product-type-simple"},"jetpack_sharing_enabled":true,"_links":{"self":[{"href":"https:\/\/ecobotanicaperu.com\/index.php\/wp-json\/wp\/v2\/product\/317","targetHints":{"allow":["GET"]}}],"collection":[{"href":"https:\/\/ecobotanicaperu.com\/index.php\/wp-json\/wp\/v2\/product"}],"about":[{"href":"https:\/\/ecobotanicaperu.com\/index.php\/wp-json\/wp\/v2\/types\/product"}],"wp:featuredmedia":[{"embeddable":true,"href":"https:\/\/ecobotanicaperu.com\/index.php\/wp-json\/wp\/v2\/media\/415"}],"wp:attachment":[{"href":"https:\/\/ecobotanicaperu.com\/index.php\/wp-json\/wp\/v2\/media?parent=317"}],"wp:term":[{"taxonomy":"product_brand","embeddable":true,"href":"https:\/\/ecobotanicaperu.com\/index.php\/wp-json\/wp\/v2\/product_brand?post=317"},{"taxonomy":"product_cat","embeddable":true,"href":"https:\/\/ecobotanicaperu.com\/index.php\/wp-json\/wp\/v2\/product_cat?post=317"},{"taxonomy":"product_tag","embeddable":true,"href":"https:\/\/ecobotanicaperu.com\/index.php\/wp-json\/wp\/v2\/product_tag?post=317"}],"curies":[{"name":"wp","href":"https:\/\/api.w.org\/{rel}","templated":true}]}}