{"id":428,"date":"2022-03-21T09:09:42","date_gmt":"2022-03-21T14:09:42","guid":{"rendered":"https:\/\/ecobotanicaperu.com\/?post_type=product&#038;p=428"},"modified":"2022-03-27T19:22:22","modified_gmt":"2022-03-28T00:22:22","slug":"planta-de-lavanda-terracota","status":"publish","type":"product","link":"https:\/\/ecobotanicaperu.com\/index.php\/producto\/planta-de-lavanda-terracota\/","title":{"rendered":"Planta de Lavanda Terracota"},"content":{"rendered":"<p><strong>La naturaleza es fuente de vida<\/strong>, tanto animal como energ\u00eda para el medio ambiente, y para nosotros. Un lugar donde cargar las pilas, poder hacer deporte a muy diferentes niveles. Y se puede contribuir a su desarrollo, no s\u00f3lo protegi\u00e9ndola.<\/p>\n<p><b>La lavanda<\/b> tiene muchos beneficios para nuestra salud, tanto a corto como a largo plazo, pero esta acci\u00f3n tan sencilla repercute en el futuro de tu entorno.<\/p>\n<p>Tener y cuidar una planta genera un gran impacto positivo en la salud mental de las personas, la satisfacci\u00f3n de ver el crecimiento, desarrollo, y fruto de tu \u00e1rbol, fomenta una actividad al aire libre, reduce del estr\u00e9s, la ansiedad y relaja, al realizar uh ejercicio al aire libre que conlleva un esfuerzo diferente, un reto para la mente y el cuerpo.<\/p>\n","protected":false},"excerpt":{"rendered":"<p>Esta maravillosa planta tiene efectos comprobados relajantes, anti stress y adem\u00e1s propiedades medicinales ancestralmente conocidas, adem\u00e1s desprende un aroma que llenara de paz tu hogar. Y si!!, esta viva y podr\u00e1s cuidarla f\u00e1cilmente. \u00a1\u00a1 Adi\u00f3s plantas de pl\u00e1stico !!<\/p>\n<p>Viene en una Bolsa de Tocuyo que puedes usar como Tote Bag.<\/p>\n","protected":false},"featured_media":429,"template":"","meta":{"_et_pb_use_builder":"","_et_pb_old_content":"","_et_gb_content_width":"","_joinchat":[]},"product_brand":[],"product_cat":[24],"product_tag":[25,26,27,28,29,30,31,32,33,34,35,36,37,38,39,40,41,80,42,43,44,45,46,47,48,49,50,51,52,53,54,55,56,57,58,59,60,61,62,63,64,65,66,67,68,69,70,71,72,73,74,75,76,77,78],"class_list":{"0":"post-428","1":"product","2":"type-product","3":"status-publish","4":"has-post-thumbnail","6":"product_cat-general","7":"product_tag-barato","8":"product_tag-box-de-regalos-corporativos","9":"product_tag-cajas-de-regalo-corporativos","10":"product_tag-canastas-navidenas-peru","11":"product_tag-economico","12":"product_tag-kokedamas","13":"product_tag-kokedamas-peru","14":"product_tag-kokedamasperu","15":"product_tag-lima","16":"product_tag-macetas-biodegradables","17":"product_tag-macetas-de-arcilla","18":"product_tag-macetas-de-cemento","19":"product_tag-macetas-decorativas-peru","20":"product_tag-merchandising-ecologico","21":"product_tag-peru","22":"product_tag-regalar-plantas","23":"product_tag-regalar-vida","24":"product_tag-regalos-2019","25":"product_tag-regalos-corporativos","26":"product_tag-regalos-corporativos-premium","27":"product_tag-regalos-de-aniversario-para-mi-novio","28":"product_tag-regalos-de-cumpleanos","29":"product_tag-regalos-de-navidad","30":"product_tag-regalos-ecologicos","31":"product_tag-regalos-ecologicos-peru","32":"product_tag-regalos-ecologicos-premium","33":"product_tag-regalos-empresariales","34":"product_tag-regalos-empresariales-premium","35":"product_tag-regalos-flores","36":"product_tag-regalos-navidad","37":"product_tag-regalos-para-cumpleanos","38":"product_tag-regalos-para-el-dia-del-padre","39":"product_tag-regalos-para-hombres","40":"product_tag-regalos-para-mama","41":"product_tag-regalos-para-mi-novio","42":"product_tag-regalos-para-mujeres","43":"product_tag-regalos-para-navidad","44":"product_tag-regalos-para-papa","45":"product_tag-regalos-personalizados","46":"product_tag-regalos-premium","47":"product_tag-regalos-premium-a-domicilio","48":"product_tag-regalos-premium-corporativos","49":"product_tag-regalos-premium-para-empresas","50":"product_tag-regalos-premium-para-hombres","51":"product_tag-regalos-premium-para-mujeres","52":"product_tag-regalos-premium-peru","53":"product_tag-regalos-primer-mes-de-enamorados","54":"product_tag-regalos-promocionales","55":"product_tag-regalos-vivos","56":"product_tag-regalos-vivos-peru","57":"product_tag-suculentas","58":"product_tag-suculentas-peru","59":"product_tag-suculentasperu","60":"product_tag-vivero-lima-peru","61":"product_tag-wilson","63":"first","64":"instock","65":"shipping-taxable","66":"purchasable","67":"product-type-simple"},"jetpack_sharing_enabled":true,"_links":{"self":[{"href":"https:\/\/ecobotanicaperu.com\/index.php\/wp-json\/wp\/v2\/product\/428","targetHints":{"allow":["GET"]}}],"collection":[{"href":"https:\/\/ecobotanicaperu.com\/index.php\/wp-json\/wp\/v2\/product"}],"about":[{"href":"https:\/\/ecobotanicaperu.com\/index.php\/wp-json\/wp\/v2\/types\/product"}],"wp:featuredmedia":[{"embeddable":true,"href":"https:\/\/ecobotanicaperu.com\/index.php\/wp-json\/wp\/v2\/media\/429"}],"wp:attachment":[{"href":"https:\/\/ecobotanicaperu.com\/index.php\/wp-json\/wp\/v2\/media?parent=428"}],"wp:term":[{"taxonomy":"product_brand","embeddable":true,"href":"https:\/\/ecobotanicaperu.com\/index.php\/wp-json\/wp\/v2\/product_brand?post=428"},{"taxonomy":"product_cat","embeddable":true,"href":"https:\/\/ecobotanicaperu.com\/index.php\/wp-json\/wp\/v2\/product_cat?post=428"},{"taxonomy":"product_tag","embeddable":true,"href":"https:\/\/ecobotanicaperu.com\/index.php\/wp-json\/wp\/v2\/product_tag?post=428"}],"curies":[{"name":"wp","href":"https:\/\/api.w.org\/{rel}","templated":true}]}}