{"id":430,"date":"2022-03-21T10:05:14","date_gmt":"2022-03-21T15:05:14","guid":{"rendered":"https:\/\/ecobotanicaperu.com\/?post_type=product&#038;p=430"},"modified":"2024-05-24T08:58:29","modified_gmt":"2024-05-24T13:58:29","slug":"suculenta-coleccion-buda","status":"publish","type":"product","link":"https:\/\/ecobotanicaperu.com\/index.php\/producto\/suculenta-coleccion-buda\/","title":{"rendered":"Suculenta Colecci\u00f3n Buda"},"content":{"rendered":"<p>La Echeveria es una planta crasa, tambi\u00e9n llamada suculenta, lo que define que la ra\u00edz, el tallo o las hojas se han engrosado para permitir el almacenamiento de agua en cantidades mucho mayores que el resto de variedades. De este modo,\u00a0<strong>hay que tener m\u00e1s cuidado por el exceso de riego que por su falta<\/strong>.<\/p>\n<p>En la \u00e9poca m\u00e1s c\u00e1lida se puede regar\u00a0<strong>una vez por semana<\/strong>, siempre comprobando que la tierra est\u00e1 seca. Pero\u00a0<strong>en invierno con una vez al mes ser\u00e1 m\u00e1s que suficiente<\/strong>. Procura no mojar las hojas mientras riegas, sino ir directo al sustrato.<\/p>\n","protected":false},"excerpt":{"rendered":"<p>Una hermosa Suculenta Premium Seleccionada, es un regalo \u00fanico para las amantes de las suculentas.<\/p>\n<p><strong>Especie:<\/strong> Echeverria<br \/>\n<strong>Maceta:<\/strong> Cabeza de Buda de Concreto<br \/>\n<strong>Cuidado:<\/strong> F\u00e1cil<br \/>\n<strong>Incluye:<\/strong> Caja de Regalo y Tarjeta de Saludo Personalizada<\/p>\n","protected":false},"featured_media":431,"template":"","meta":{"_et_pb_use_builder":"","_et_pb_old_content":"","_et_gb_content_width":"","_joinchat":[]},"product_brand":[],"product_cat":[24,79],"product_tag":[25,82,26,27,28,88,86,94,90,29,95,96,100,97,98,99,89,30,31,32,93,81,101,33,85,91,34,35,36,37,92,38,39,102,87,40,41,80,42,43,44,45,46,47,48,49,50,51,52,53,54,55,56,57,58,59,60,61,62,63,64,65,66,67,68,69,70,71,72,73,83,84,74,75,76,77,78],"class_list":{"0":"post-430","1":"product","2":"type-product","3":"status-publish","4":"has-post-thumbnail","6":"product_cat-general","7":"product_cat-suculentas-y-cactus","8":"product_tag-barato","9":"product_tag-botanika","10":"product_tag-box-de-regalos-corporativos","11":"product_tag-cajas-de-regalo-corporativos","12":"product_tag-canastas-navidenas-peru","13":"product_tag-daya-peru","14":"product_tag-detalazo","15":"product_tag-detalles-amatista","16":"product_tag-dulce-compania","17":"product_tag-economico","18":"product_tag-florerias-unidad","19":"product_tag-florerias-unidas","20":"product_tag-go-plant","21":"product_tag-greehouse-peru","22":"product_tag-green-moon-peru","23":"product_tag-greenmoon","24":"product_tag-henna-corp","25":"product_tag-kokedamas","26":"product_tag-kokedamas-peru","27":"product_tag-kokedamasperu","28":"product_tag-kukyflor","29":"product_tag-la-botanika","30":"product_tag-la-tiendita-suculenta","31":"product_tag-lima","32":"product_tag-lima-handamade","33":"product_tag-loons-peru","34":"product_tag-macetas-biodegradables","35":"product_tag-macetas-de-arcilla","36":"product_tag-macetas-de-cemento","37":"product_tag-macetas-decorativas-peru","38":"product_tag-magia-peru","39":"product_tag-merchandising-ecologico","40":"product_tag-peru","41":"product_tag-punta-hermosa","42":"product_tag-que-detalazo","43":"product_tag-regalar-plantas","44":"product_tag-regalar-vida","45":"product_tag-regalos-2019","46":"product_tag-regalos-corporativos","47":"product_tag-regalos-corporativos-premium","48":"product_tag-regalos-de-aniversario-para-mi-novio","49":"product_tag-regalos-de-cumpleanos","50":"product_tag-regalos-de-navidad","51":"product_tag-regalos-ecologicos","52":"product_tag-regalos-ecologicos-peru","53":"product_tag-regalos-ecologicos-premium","54":"product_tag-regalos-empresariales","55":"product_tag-regalos-empresariales-premium","56":"product_tag-regalos-flores","57":"product_tag-regalos-navidad","58":"product_tag-regalos-para-cumpleanos","59":"product_tag-regalos-para-el-dia-del-padre","60":"product_tag-regalos-para-hombres","61":"product_tag-regalos-para-mama","62":"product_tag-regalos-para-mi-novio","63":"product_tag-regalos-para-mujeres","64":"product_tag-regalos-para-navidad","65":"product_tag-regalos-para-papa","66":"product_tag-regalos-personalizados","67":"product_tag-regalos-premium","68":"product_tag-regalos-premium-a-domicilio","69":"product_tag-regalos-premium-corporativos","70":"product_tag-regalos-premium-para-empresas","71":"product_tag-regalos-premium-para-hombres","72":"product_tag-regalos-premium-para-mujeres","73":"product_tag-regalos-premium-peru","74":"product_tag-regalos-primer-mes-de-enamorados","75":"product_tag-regalos-promocionales","76":"product_tag-regalos-vivos","77":"product_tag-regalos-vivos-peru","78":"product_tag-rosatel","79":"product_tag-sorprende-lima","80":"product_tag-suculentas","81":"product_tag-suculentas-peru","82":"product_tag-suculentasperu","83":"product_tag-vivero-lima-peru","84":"product_tag-wilson","86":"first","87":"instock","88":"shipping-taxable","89":"purchasable","90":"product-type-simple"},"jetpack_sharing_enabled":true,"_links":{"self":[{"href":"https:\/\/ecobotanicaperu.com\/index.php\/wp-json\/wp\/v2\/product\/430","targetHints":{"allow":["GET"]}}],"collection":[{"href":"https:\/\/ecobotanicaperu.com\/index.php\/wp-json\/wp\/v2\/product"}],"about":[{"href":"https:\/\/ecobotanicaperu.com\/index.php\/wp-json\/wp\/v2\/types\/product"}],"wp:featuredmedia":[{"embeddable":true,"href":"https:\/\/ecobotanicaperu.com\/index.php\/wp-json\/wp\/v2\/media\/431"}],"wp:attachment":[{"href":"https:\/\/ecobotanicaperu.com\/index.php\/wp-json\/wp\/v2\/media?parent=430"}],"wp:term":[{"taxonomy":"product_brand","embeddable":true,"href":"https:\/\/ecobotanicaperu.com\/index.php\/wp-json\/wp\/v2\/product_brand?post=430"},{"taxonomy":"product_cat","embeddable":true,"href":"https:\/\/ecobotanicaperu.com\/index.php\/wp-json\/wp\/v2\/product_cat?post=430"},{"taxonomy":"product_tag","embeddable":true,"href":"https:\/\/ecobotanicaperu.com\/index.php\/wp-json\/wp\/v2\/product_tag?post=430"}],"curies":[{"name":"wp","href":"https:\/\/api.w.org\/{rel}","templated":true}]}}