{"id":508,"date":"2022-04-08T08:30:58","date_gmt":"2022-04-08T13:30:58","guid":{"rendered":"https:\/\/ecobotanicaperu.com\/?post_type=product&#038;p=508"},"modified":"2022-04-16T18:06:42","modified_gmt":"2022-04-16T23:06:42","slug":"giftbox-lavanda-gold","status":"publish","type":"product","link":"https:\/\/ecobotanicaperu.com\/index.php\/producto\/giftbox-lavanda-gold\/","title":{"rendered":"Giftbox Lavanda Gold"},"content":{"rendered":"","protected":false},"excerpt":{"rendered":"<p>Hermoso Giftbox Bot\u00e1nico, exclusivo y \u00fanico en el Per\u00fa. Dise\u00f1ado y creado por Ecobotanica Per\u00fa, un regalo lleno de vida, energ\u00edas positivas y mucho amor que trasmitir\u00e1 muchas emociones y sentimientos a quien lo reciba.<\/p>\n","protected":false},"featured_media":509,"template":"","meta":{"_et_pb_use_builder":"","_et_pb_old_content":"","_et_gb_content_width":"","_joinchat":[]},"product_brand":[],"product_cat":[24,104,118,119,120],"product_tag":[25,26,27,28,114,115,29,105,106,107,108,109,30,31,32,116,33,34,35,36,37,38,110,111,112,39,131,113,117,40,41,80,42,127,43,44,45,46,121,122,47,48,49,50,51,52,128,53,54,55,124,56,57,58,59,60,61,62,125,126,63,64,65,66,67,68,69,70,71,72,73,74,75,76,123,129,77,130,78],"class_list":{"0":"post-508","1":"product","2":"type-product","3":"status-publish","4":"has-post-thumbnail","6":"product_cat-general","7":"product_cat-kit-de-siembra","8":"product_cat-regalos-dia-de-la-madre","9":"product_cat-regalos-para-ella","10":"product_cat-regalos-para-mama","11":"product_tag-barato","12":"product_tag-box-de-regalos-corporativos","13":"product_tag-cajas-de-regalo-corporativos","14":"product_tag-canastas-navidenas-peru","15":"product_tag-ecobotanica","16":"product_tag-ecobotanica-peru","17":"product_tag-economico","18":"product_tag-kit-de-siembra","19":"product_tag-kit-de-siembra-corporativo","20":"product_tag-kit-de-siembra-peru","21":"product_tag-kits-de-siembra","22":"product_tag-kits-de-siembra-peru","23":"product_tag-kokedamas","24":"product_tag-kokedamas-peru","25":"product_tag-kokedamasperu","26":"product_tag-la-muyita","27":"product_tag-lima","28":"product_tag-macetas-biodegradables","29":"product_tag-macetas-de-arcilla","30":"product_tag-macetas-de-cemento","31":"product_tag-macetas-decorativas-peru","32":"product_tag-merchandising-ecologico","33":"product_tag-mini-huerto","34":"product_tag-mini-huerto-peru","35":"product_tag-mini-huerto-urbano-peru","36":"product_tag-peru","37":"product_tag-pisco-para-regalo-peru","38":"product_tag-plantas-aromaticas","39":"product_tag-qura-huertos","40":"product_tag-regalar-plantas","41":"product_tag-regalar-vida","42":"product_tag-regalos-2019","43":"product_tag-regalos-corporativos","44":"product_tag-regalos-corporativos-peru","45":"product_tag-regalos-corporativos-premium","46":"product_tag-regalos-de-aniversario-para-mi-novio","47":"product_tag-regalos-de-cumpleanos","48":"product_tag-regalos-de-navidad","49":"product_tag-regalos-dia-de-la-madre","50":"product_tag-regalos-dia-de-la-secretaria","51":"product_tag-regalos-ecologicos","52":"product_tag-regalos-ecologicos-peru","53":"product_tag-regalos-ecologicos-premium","54":"product_tag-regalos-empresariales","55":"product_tag-regalos-empresariales-premium","56":"product_tag-regalos-flores","57":"product_tag-regalos-gourmet-peru","58":"product_tag-regalos-navidad","59":"product_tag-regalos-para-cumpleanos","60":"product_tag-regalos-para-el-dia-del-padre","61":"product_tag-regalos-para-empresas-peru","62":"product_tag-regalos-para-hombres","63":"product_tag-regalos-para-mama","64":"product_tag-regalos-para-mi-novio","65":"product_tag-regalos-para-mujeres","66":"product_tag-regalos-para-navidad","67":"product_tag-regalos-para-papa","68":"product_tag-regalos-personalizados","69":"product_tag-regalos-personalizados-corporativos","70":"product_tag-regalos-personalizados-para-empresas","71":"product_tag-regalos-premium","72":"product_tag-regalos-premium-a-domicilio","73":"product_tag-regalos-premium-corporativos","74":"product_tag-regalos-premium-para-empresas","75":"product_tag-regalos-premium-para-hombres","76":"product_tag-regalos-premium-para-mujeres","77":"product_tag-regalos-premium-peru","78":"product_tag-regalos-primer-mes-de-enamorados","79":"product_tag-regalos-promocionales","80":"product_tag-regalos-vivos","81":"product_tag-regalos-vivos-peru","82":"product_tag-suculentas","83":"product_tag-suculentas-peru","84":"product_tag-suculentasperu","85":"product_tag-toritos-de-pucara-peru","86":"product_tag-vinos-para-regalo","87":"product_tag-vivero-lima-peru","88":"product_tag-whisky-para-regalo","89":"product_tag-wilson","91":"first","92":"instock","93":"shipping-taxable","94":"purchasable","95":"product-type-simple"},"jetpack_sharing_enabled":true,"_links":{"self":[{"href":"https:\/\/ecobotanicaperu.com\/index.php\/wp-json\/wp\/v2\/product\/508","targetHints":{"allow":["GET"]}}],"collection":[{"href":"https:\/\/ecobotanicaperu.com\/index.php\/wp-json\/wp\/v2\/product"}],"about":[{"href":"https:\/\/ecobotanicaperu.com\/index.php\/wp-json\/wp\/v2\/types\/product"}],"wp:featuredmedia":[{"embeddable":true,"href":"https:\/\/ecobotanicaperu.com\/index.php\/wp-json\/wp\/v2\/media\/509"}],"wp:attachment":[{"href":"https:\/\/ecobotanicaperu.com\/index.php\/wp-json\/wp\/v2\/media?parent=508"}],"wp:term":[{"taxonomy":"product_brand","embeddable":true,"href":"https:\/\/ecobotanicaperu.com\/index.php\/wp-json\/wp\/v2\/product_brand?post=508"},{"taxonomy":"product_cat","embeddable":true,"href":"https:\/\/ecobotanicaperu.com\/index.php\/wp-json\/wp\/v2\/product_cat?post=508"},{"taxonomy":"product_tag","embeddable":true,"href":"https:\/\/ecobotanicaperu.com\/index.php\/wp-json\/wp\/v2\/product_tag?post=508"}],"curies":[{"name":"wp","href":"https:\/\/api.w.org\/{rel}","templated":true}]}}