{"id":535,"date":"2022-04-22T14:47:40","date_gmt":"2022-04-22T19:47:40","guid":{"rendered":"https:\/\/ecobotanicaperu.com\/?post_type=product&#038;p=535"},"modified":"2022-04-22T14:50:29","modified_gmt":"2022-04-22T19:50:29","slug":"sansevieria-pink-girlboss","status":"publish","type":"product","link":"https:\/\/ecobotanicaperu.com\/index.php\/producto\/sansevieria-pink-girlboss\/","title":{"rendered":"Sansevieria Pink Girlboss"},"content":{"rendered":"","protected":false},"excerpt":{"rendered":"<p>Hermoso Giftbox Bot\u00e1nico, exclusivo y \u00fanico en el Per\u00fa. Dise\u00f1ado y creado por Ecobotanica Per\u00fa, un regalo lleno de vida, energ\u00edas positivas y mucho amor que trasmitir\u00e1 muchas emociones y sentimientos a quien lo reciba.<\/p>\n","protected":false},"featured_media":537,"template":"","meta":{"_et_pb_use_builder":"","_et_pb_old_content":"","_et_gb_content_width":"","_joinchat":[]},"product_brand":[],"product_cat":[24,118,119,120],"product_tag":[25,26,27,28,114,115,29,105,106,107,108,109,30,31,32,116,33,34,35,36,37,38,110,111,112,39,131,113,117,40,41,80,42,127,43,44,45,46,121,122,47,48,49,50,51,52,128,53,54,55,124,56,57,58,59,60,61,62,125,126,63,64,65,66,67,68,69,70,71,72,73,132,133,74,75,76,123,129,77,130,78],"class_list":{"0":"post-535","1":"product","2":"type-product","3":"status-publish","4":"has-post-thumbnail","6":"product_cat-general","7":"product_cat-regalos-dia-de-la-madre","8":"product_cat-regalos-para-ella","9":"product_cat-regalos-para-mama","10":"product_tag-barato","11":"product_tag-box-de-regalos-corporativos","12":"product_tag-cajas-de-regalo-corporativos","13":"product_tag-canastas-navidenas-peru","14":"product_tag-ecobotanica","15":"product_tag-ecobotanica-peru","16":"product_tag-economico","17":"product_tag-kit-de-siembra","18":"product_tag-kit-de-siembra-corporativo","19":"product_tag-kit-de-siembra-peru","20":"product_tag-kits-de-siembra","21":"product_tag-kits-de-siembra-peru","22":"product_tag-kokedamas","23":"product_tag-kokedamas-peru","24":"product_tag-kokedamasperu","25":"product_tag-la-muyita","26":"product_tag-lima","27":"product_tag-macetas-biodegradables","28":"product_tag-macetas-de-arcilla","29":"product_tag-macetas-de-cemento","30":"product_tag-macetas-decorativas-peru","31":"product_tag-merchandising-ecologico","32":"product_tag-mini-huerto","33":"product_tag-mini-huerto-peru","34":"product_tag-mini-huerto-urbano-peru","35":"product_tag-peru","36":"product_tag-pisco-para-regalo-peru","37":"product_tag-plantas-aromaticas","38":"product_tag-qura-huertos","39":"product_tag-regalar-plantas","40":"product_tag-regalar-vida","41":"product_tag-regalos-2019","42":"product_tag-regalos-corporativos","43":"product_tag-regalos-corporativos-peru","44":"product_tag-regalos-corporativos-premium","45":"product_tag-regalos-de-aniversario-para-mi-novio","46":"product_tag-regalos-de-cumpleanos","47":"product_tag-regalos-de-navidad","48":"product_tag-regalos-dia-de-la-madre","49":"product_tag-regalos-dia-de-la-secretaria","50":"product_tag-regalos-ecologicos","51":"product_tag-regalos-ecologicos-peru","52":"product_tag-regalos-ecologicos-premium","53":"product_tag-regalos-empresariales","54":"product_tag-regalos-empresariales-premium","55":"product_tag-regalos-flores","56":"product_tag-regalos-gourmet-peru","57":"product_tag-regalos-navidad","58":"product_tag-regalos-para-cumpleanos","59":"product_tag-regalos-para-el-dia-del-padre","60":"product_tag-regalos-para-empresas-peru","61":"product_tag-regalos-para-hombres","62":"product_tag-regalos-para-mama","63":"product_tag-regalos-para-mi-novio","64":"product_tag-regalos-para-mujeres","65":"product_tag-regalos-para-navidad","66":"product_tag-regalos-para-papa","67":"product_tag-regalos-personalizados","68":"product_tag-regalos-personalizados-corporativos","69":"product_tag-regalos-personalizados-para-empresas","70":"product_tag-regalos-premium","71":"product_tag-regalos-premium-a-domicilio","72":"product_tag-regalos-premium-corporativos","73":"product_tag-regalos-premium-para-empresas","74":"product_tag-regalos-premium-para-hombres","75":"product_tag-regalos-premium-para-mujeres","76":"product_tag-regalos-premium-peru","77":"product_tag-regalos-primer-mes-de-enamorados","78":"product_tag-regalos-promocionales","79":"product_tag-regalos-vivos","80":"product_tag-regalos-vivos-peru","81":"product_tag-sanseviera","82":"product_tag-sansevieria","83":"product_tag-suculentas","84":"product_tag-suculentas-peru","85":"product_tag-suculentasperu","86":"product_tag-toritos-de-pucara-peru","87":"product_tag-vinos-para-regalo","88":"product_tag-vivero-lima-peru","89":"product_tag-whisky-para-regalo","90":"product_tag-wilson","92":"first","93":"instock","94":"shipping-taxable","95":"purchasable","96":"product-type-simple"},"jetpack_sharing_enabled":true,"_links":{"self":[{"href":"https:\/\/ecobotanicaperu.com\/index.php\/wp-json\/wp\/v2\/product\/535","targetHints":{"allow":["GET"]}}],"collection":[{"href":"https:\/\/ecobotanicaperu.com\/index.php\/wp-json\/wp\/v2\/product"}],"about":[{"href":"https:\/\/ecobotanicaperu.com\/index.php\/wp-json\/wp\/v2\/types\/product"}],"wp:featuredmedia":[{"embeddable":true,"href":"https:\/\/ecobotanicaperu.com\/index.php\/wp-json\/wp\/v2\/media\/537"}],"wp:attachment":[{"href":"https:\/\/ecobotanicaperu.com\/index.php\/wp-json\/wp\/v2\/media?parent=535"}],"wp:term":[{"taxonomy":"product_brand","embeddable":true,"href":"https:\/\/ecobotanicaperu.com\/index.php\/wp-json\/wp\/v2\/product_brand?post=535"},{"taxonomy":"product_cat","embeddable":true,"href":"https:\/\/ecobotanicaperu.com\/index.php\/wp-json\/wp\/v2\/product_cat?post=535"},{"taxonomy":"product_tag","embeddable":true,"href":"https:\/\/ecobotanicaperu.com\/index.php\/wp-json\/wp\/v2\/product_tag?post=535"}],"curies":[{"name":"wp","href":"https:\/\/api.w.org\/{rel}","templated":true}]}}