{"id":551,"date":"2022-04-29T09:04:50","date_gmt":"2022-04-29T14:04:50","guid":{"rendered":"https:\/\/ecobotanicaperu.com\/?post_type=product&#038;p=551"},"modified":"2022-04-29T09:06:52","modified_gmt":"2022-04-29T14:06:52","slug":"rose-garden-bouquet","status":"publish","type":"product","link":"https:\/\/ecobotanicaperu.com\/index.php\/producto\/rose-garden-bouquet\/","title":{"rendered":"Rose Garden Bouquet"},"content":{"rendered":"","protected":false},"excerpt":{"rendered":"<p>Hermoso Arreglo Floral, exclusivo y \u00fanico en el Per\u00fa. Dise\u00f1ado y creado por Ecobotanica Per\u00fa, nuestras flores so seleccionadas para ser un regalo lleno de vida, energ\u00edas positivas y mucho amor que trasmitir\u00e1 muchas emociones y sentimientos a quien lo reciba.<\/p>\n","protected":false},"featured_media":554,"template":"","meta":{"_et_pb_use_builder":"","_et_pb_old_content":"","_et_gb_content_width":"","_joinchat":[]},"product_brand":[],"product_cat":[24,134,118,119,120],"product_tag":[142,25,137,26,27,28,114,115,29,136,143,105,106,107,108,109,30,31,32,116,33,34,35,36,37,38,110,111,112,39,131,113,117,135,141,140,40,41,80,42,127,43,44,45,46,121,122,47,48,49,50,51,52,128,53,54,55,124,56,57,58,59,60,61,62,125,126,63,64,65,66,67,68,69,70,71,72,73,144,138,132,133,74,75,76,123,139,129,77,130,78],"class_list":{"0":"post-551","1":"product","2":"type-product","3":"status-publish","4":"has-post-thumbnail","6":"product_cat-general","7":"product_cat-ramo-de-flores","8":"product_cat-regalos-dia-de-la-madre","9":"product_cat-regalos-para-ella","10":"product_cat-regalos-para-mama","11":"product_tag-arreglo-floral-peru","12":"product_tag-barato","13":"product_tag-bouquet-de-flores-peru","14":"product_tag-box-de-regalos-corporativos","15":"product_tag-cajas-de-regalo-corporativos","16":"product_tag-canastas-navidenas-peru","17":"product_tag-ecobotanica","18":"product_tag-ecobotanica-peru","19":"product_tag-economico","20":"product_tag-flores","21":"product_tag-flores-a-domicilio-peru","22":"product_tag-kit-de-siembra","23":"product_tag-kit-de-siembra-corporativo","24":"product_tag-kit-de-siembra-peru","25":"product_tag-kits-de-siembra","26":"product_tag-kits-de-siembra-peru","27":"product_tag-kokedamas","28":"product_tag-kokedamas-peru","29":"product_tag-kokedamasperu","30":"product_tag-la-muyita","31":"product_tag-lima","32":"product_tag-macetas-biodegradables","33":"product_tag-macetas-de-arcilla","34":"product_tag-macetas-de-cemento","35":"product_tag-macetas-decorativas-peru","36":"product_tag-merchandising-ecologico","37":"product_tag-mini-huerto","38":"product_tag-mini-huerto-peru","39":"product_tag-mini-huerto-urbano-peru","40":"product_tag-peru","41":"product_tag-pisco-para-regalo-peru","42":"product_tag-plantas-aromaticas","43":"product_tag-qura-huertos","44":"product_tag-ramo-de-flores","45":"product_tag-ramo-de-rosas","46":"product_tag-ramo-de-tulipanes","47":"product_tag-regalar-plantas","48":"product_tag-regalar-vida","49":"product_tag-regalos-2019","50":"product_tag-regalos-corporativos","51":"product_tag-regalos-corporativos-peru","52":"product_tag-regalos-corporativos-premium","53":"product_tag-regalos-de-aniversario-para-mi-novio","54":"product_tag-regalos-de-cumpleanos","55":"product_tag-regalos-de-navidad","56":"product_tag-regalos-dia-de-la-madre","57":"product_tag-regalos-dia-de-la-secretaria","58":"product_tag-regalos-ecologicos","59":"product_tag-regalos-ecologicos-peru","60":"product_tag-regalos-ecologicos-premium","61":"product_tag-regalos-empresariales","62":"product_tag-regalos-empresariales-premium","63":"product_tag-regalos-flores","64":"product_tag-regalos-gourmet-peru","65":"product_tag-regalos-navidad","66":"product_tag-regalos-para-cumpleanos","67":"product_tag-regalos-para-el-dia-del-padre","68":"product_tag-regalos-para-empresas-peru","69":"product_tag-regalos-para-hombres","70":"product_tag-regalos-para-mama","71":"product_tag-regalos-para-mi-novio","72":"product_tag-regalos-para-mujeres","73":"product_tag-regalos-para-navidad","74":"product_tag-regalos-para-papa","75":"product_tag-regalos-personalizados","76":"product_tag-regalos-personalizados-corporativos","77":"product_tag-regalos-personalizados-para-empresas","78":"product_tag-regalos-premium","79":"product_tag-regalos-premium-a-domicilio","80":"product_tag-regalos-premium-corporativos","81":"product_tag-regalos-premium-para-empresas","82":"product_tag-regalos-premium-para-hombres","83":"product_tag-regalos-premium-para-mujeres","84":"product_tag-regalos-premium-peru","85":"product_tag-regalos-primer-mes-de-enamorados","86":"product_tag-regalos-promocionales","87":"product_tag-regalos-vivos","88":"product_tag-regalos-vivos-peru","89":"product_tag-rosas","90":"product_tag-rosas-peru","91":"product_tag-sanseviera","92":"product_tag-sansevieria","93":"product_tag-suculentas","94":"product_tag-suculentas-peru","95":"product_tag-suculentasperu","96":"product_tag-toritos-de-pucara-peru","97":"product_tag-tulipanes-peru","98":"product_tag-vinos-para-regalo","99":"product_tag-vivero-lima-peru","100":"product_tag-whisky-para-regalo","101":"product_tag-wilson","103":"first","104":"instock","105":"shipping-taxable","106":"purchasable","107":"product-type-simple"},"jetpack_sharing_enabled":true,"_links":{"self":[{"href":"https:\/\/ecobotanicaperu.com\/index.php\/wp-json\/wp\/v2\/product\/551","targetHints":{"allow":["GET"]}}],"collection":[{"href":"https:\/\/ecobotanicaperu.com\/index.php\/wp-json\/wp\/v2\/product"}],"about":[{"href":"https:\/\/ecobotanicaperu.com\/index.php\/wp-json\/wp\/v2\/types\/product"}],"wp:featuredmedia":[{"embeddable":true,"href":"https:\/\/ecobotanicaperu.com\/index.php\/wp-json\/wp\/v2\/media\/554"}],"wp:attachment":[{"href":"https:\/\/ecobotanicaperu.com\/index.php\/wp-json\/wp\/v2\/media?parent=551"}],"wp:term":[{"taxonomy":"product_brand","embeddable":true,"href":"https:\/\/ecobotanicaperu.com\/index.php\/wp-json\/wp\/v2\/product_brand?post=551"},{"taxonomy":"product_cat","embeddable":true,"href":"https:\/\/ecobotanicaperu.com\/index.php\/wp-json\/wp\/v2\/product_cat?post=551"},{"taxonomy":"product_tag","embeddable":true,"href":"https:\/\/ecobotanicaperu.com\/index.php\/wp-json\/wp\/v2\/product_tag?post=551"}],"curies":[{"name":"wp","href":"https:\/\/api.w.org\/{rel}","templated":true}]}}