{"id":575,"date":"2023-02-08T07:57:37","date_gmt":"2023-02-08T12:57:37","guid":{"rendered":"https:\/\/ecobotanicaperu.com\/?post_type=product&#038;p=575"},"modified":"2025-06-01T10:00:26","modified_gmt":"2025-06-01T15:00:26","slug":"recuerdos-mini-suculentas-memories","status":"publish","type":"product","link":"https:\/\/ecobotanicaperu.com\/index.php\/producto\/recuerdos-mini-suculentas-memories\/","title":{"rendered":"Recuerdos Mini Suculentas Memories"},"content":{"rendered":"<p><strong>\u00bfPor qu\u00e9 regalar suculentas y plantas en tu Boda o Evento?<\/strong><\/p>\n<p>Cuando tienes un evento especial, sea una boda, comuni\u00f3n, bautizo o un evento corporativo o de tu empresa, siempre quieres dar un recuerdo especial a tus invitados. Muchas veces esta decisi\u00f3n puede ser complicada, porque buscas algo que guste a todos y tenga variedad.<\/p>\n<p>Las plantas son seres vivos y por tanto, brindan una sensaci\u00f3n de cercan\u00eda que no consigues con otros regalos m\u00e1s impersonales. Por esto, en Ecobotanica Per\u00fa tenemos para tu pr\u00f3ximo evento la posibilidad de dar un regalo con prop\u00f3sito, plantas y ver\u00e1s como tus invitados no olvidar\u00e1n ese hermoso detalles<\/p>\n<p>Los profesionales de la salud mental consideran que tener plantas a tu alrededor puede ayudarte a mejorar tus estados de ansiedad. La naturaleza da sensaci\u00f3n de paz y calma que tambi\u00e9n\u00a0<b>contribuye a aliviar el estr\u00e9s de la vida diaria<\/b>.<\/p>\n<p><b>\u00bfPor qu\u00e9<\/b><strong>\u00a0regalar Suculentas?<\/strong><\/p>\n<p>Seg\u00fan la filosof\u00eda Feng Shui, las suculentas <b>son consideradas como guardianes protectores, purifican el ambiente y favorecen la armon\u00eda<\/b>, por lo que su significado es perfecto para incluirlas en una boda o celebraci\u00f3n.<\/p>\n<p>\u00bfSon f\u00e1ciles de cuidar las Suculentas?<\/p>\n<p>En Ecobotanica Per\u00fa sabemos que vivimos en una \u00e9poca donde no tenemos mucho tiempo, y una suculentas es tu compa\u00f1era ideal, ya que no requiere mucha agua, es muy resistente y solo necesitan estar cerca a una ventana para ser felices.<\/p>\n","protected":false},"excerpt":{"rendered":"<p>Hermoso recuerdo vivo para Boda, Cumplea\u00f1os, Aniversario, Baby Shower, Misa o cualquier Evento Social y\/o Corporativo de empresas.<\/p>\n<ul>\n<li>Maceta de Cer\u00e1mica Blanca o de colores de 5 cm de alto y 7 cm de ancho.<\/li>\n<li>Plantas Suculentas medianas de especies surtidas.<\/li>\n<li>Piedritas de colores a elegir de decoraci\u00f3n<\/li>\n<li>Bander\u00edn o Tag Personalizado con el Frase o Motivo del Evento.<\/li>\n<\/ul>\n","protected":false},"featured_media":580,"template":"","meta":{"_et_pb_use_builder":"","_et_pb_old_content":"","_et_gb_content_width":"","_joinchat":[]},"product_brand":[],"product_cat":[145],"product_tag":[25,82,26,27,88,86,94,90,29,95,96,100,98,146,99,89,30,31,32,93,81,101,33,85,91,147,148,149,150,34,35,36,37,92,179,180,38,151,152,39,178,102,87,153,154,155,156,157,158,159,160,161,162,163,164,165,166,167,168,169,170,171,172,173,40,41,42,43,44,45,46,47,48,49,50,51,52,53,54,55,56,57,58,59,60,61,62,174,63,64,65,66,67,68,69,70,71,72,73,83,84,74,175,176,177,75,76,77,78],"class_list":{"0":"post-575","1":"product","2":"type-product","3":"status-publish","4":"has-post-thumbnail","6":"product_cat-recuerdos-ecologicos-plantas-suculentas-lucky-bambu","7":"product_tag-barato","8":"product_tag-botanika","9":"product_tag-box-de-regalos-corporativos","10":"product_tag-cajas-de-regalo-corporativos","11":"product_tag-daya-peru","12":"product_tag-detalazo","13":"product_tag-detalles-amatista","14":"product_tag-dulce-compania","15":"product_tag-economico","16":"product_tag-florerias-unidad","17":"product_tag-florerias-unidas","18":"product_tag-go-plant","19":"product_tag-green-moon-peru","20":"product_tag-greenhouse-peru","21":"product_tag-greenmoon","22":"product_tag-henna-corp","23":"product_tag-kokedamas","24":"product_tag-kokedamas-peru","25":"product_tag-kokedamasperu","26":"product_tag-kukyflor","27":"product_tag-la-botanika","28":"product_tag-la-tiendita-suculenta","29":"product_tag-lima","30":"product_tag-lima-handamade","31":"product_tag-loons-peru","32":"product_tag-lucky-bamboo","33":"product_tag-lucky-bamboo-peru","34":"product_tag-lucky-bambu","35":"product_tag-lucky-bambu-peru","36":"product_tag-macetas-biodegradables","37":"product_tag-macetas-de-arcilla","38":"product_tag-macetas-de-cemento","39":"product_tag-macetas-decorativas-peru","40":"product_tag-magia-peru","41":"product_tag-mercado-de-flores","42":"product_tag-mercado-de-flores-acho","43":"product_tag-merchandising-ecologico","44":"product_tag-mini-suculentas-lima","45":"product_tag-mini-suculentas-peru","46":"product_tag-peru","47":"product_tag-plaza-de-flores","48":"product_tag-punta-hermosa","49":"product_tag-que-detalazo","50":"product_tag-recuerdos-al-por-mayor-lima","51":"product_tag-recuerdos-ano-de-fallecimiento","52":"product_tag-recuerdos-baby-shower","53":"product_tag-recuerdos-baby-shower-nina","54":"product_tag-recuerdos-bautizo","55":"product_tag-recuerdos-boda","56":"product_tag-recuerdos-comunion","57":"product_tag-recuerdos-comunion-peru","58":"product_tag-recuerdos-con-plantas","59":"product_tag-recuerdos-con-suculentas-lima","60":"product_tag-recuerdos-confirmacion","61":"product_tag-recuerdos-dia-de-la-amistad","62":"product_tag-recuerdos-ecologicos","63":"product_tag-recuerdos-para-bautizo","64":"product_tag-recuerdos-para-boda","65":"product_tag-recuerdos-para-eventos","66":"product_tag-recuerdos-para-misa-de-difuntos","67":"product_tag-recuerdos-para-primer-mes-de-fallecido","68":"product_tag-recuerdos-para-primera-comunion","69":"product_tag-recuerdos-para-quinceaneros","70":"product_tag-recuerdos-vivos","71":"product_tag-regalar-plantas","72":"product_tag-regalar-vida","73":"product_tag-regalos-corporativos","74":"product_tag-regalos-corporativos-premium","75":"product_tag-regalos-de-aniversario-para-mi-novio","76":"product_tag-regalos-de-cumpleanos","77":"product_tag-regalos-de-navidad","78":"product_tag-regalos-ecologicos","79":"product_tag-regalos-ecologicos-peru","80":"product_tag-regalos-ecologicos-premium","81":"product_tag-regalos-empresariales","82":"product_tag-regalos-empresariales-premium","83":"product_tag-regalos-flores","84":"product_tag-regalos-navidad","85":"product_tag-regalos-para-cumpleanos","86":"product_tag-regalos-para-el-dia-del-padre","87":"product_tag-regalos-para-hombres","88":"product_tag-regalos-para-mama","89":"product_tag-regalos-para-mi-novio","90":"product_tag-regalos-para-mujeres","91":"product_tag-regalos-para-navidad","92":"product_tag-regalos-para-papa","93":"product_tag-regalos-personalizados","94":"product_tag-regalos-plantas","95":"product_tag-regalos-premium","96":"product_tag-regalos-premium-a-domicilio","97":"product_tag-regalos-premium-corporativos","98":"product_tag-regalos-premium-para-empresas","99":"product_tag-regalos-premium-para-hombres","100":"product_tag-regalos-premium-para-mujeres","101":"product_tag-regalos-premium-peru","102":"product_tag-regalos-primer-mes-de-enamorados","103":"product_tag-regalos-promocionales","104":"product_tag-regalos-vivos","105":"product_tag-regalos-vivos-peru","106":"product_tag-rosatel","107":"product_tag-sorprende-lima","108":"product_tag-suculentas","109":"product_tag-suculentas-para-baby-shower","110":"product_tag-suculentas-para-bautizo","111":"product_tag-suculentas-para-matrimonios","112":"product_tag-suculentas-peru","113":"product_tag-suculentasperu","114":"product_tag-vivero-lima-peru","115":"product_tag-wilson","117":"first","118":"instock","119":"shipping-taxable","120":"purchasable","121":"product-type-variable"},"jetpack_sharing_enabled":true,"_links":{"self":[{"href":"https:\/\/ecobotanicaperu.com\/index.php\/wp-json\/wp\/v2\/product\/575","targetHints":{"allow":["GET"]}}],"collection":[{"href":"https:\/\/ecobotanicaperu.com\/index.php\/wp-json\/wp\/v2\/product"}],"about":[{"href":"https:\/\/ecobotanicaperu.com\/index.php\/wp-json\/wp\/v2\/types\/product"}],"wp:featuredmedia":[{"embeddable":true,"href":"https:\/\/ecobotanicaperu.com\/index.php\/wp-json\/wp\/v2\/media\/580"}],"wp:attachment":[{"href":"https:\/\/ecobotanicaperu.com\/index.php\/wp-json\/wp\/v2\/media?parent=575"}],"wp:term":[{"taxonomy":"product_brand","embeddable":true,"href":"https:\/\/ecobotanicaperu.com\/index.php\/wp-json\/wp\/v2\/product_brand?post=575"},{"taxonomy":"product_cat","embeddable":true,"href":"https:\/\/ecobotanicaperu.com\/index.php\/wp-json\/wp\/v2\/product_cat?post=575"},{"taxonomy":"product_tag","embeddable":true,"href":"https:\/\/ecobotanicaperu.com\/index.php\/wp-json\/wp\/v2\/product_tag?post=575"}],"curies":[{"name":"wp","href":"https:\/\/api.w.org\/{rel}","templated":true}]}}