{"id":868,"date":"2025-03-02T14:09:37","date_gmt":"2025-03-02T19:09:37","guid":{"rendered":"https:\/\/ecobotanicaperu.com\/?post_type=product&#038;p=868"},"modified":"2025-03-02T14:20:10","modified_gmt":"2025-03-02T19:20:10","slug":"dia-de-la-mujer-empowe","status":"publish","type":"product","link":"https:\/\/ecobotanicaperu.com\/index.php\/producto\/dia-de-la-mujer-empowe\/","title":{"rendered":"Dia de la Mujer Suculenta Empowered Woman"},"content":{"rendered":"<div class=\"WaaZC\">\n<div class=\"RJPOee EIJn2\">\n<div class=\"rPeykc\" data-hveid=\"CAMQAQ\" data-ved=\"2ahUKEwjx1ubljOyLAxWrhJUCHV4nE2QQo_EKegQIAxAB\">\n<p><span data-huuid=\"14158370740152711032\">Regalar suculentas en el D\u00eda de la Mujer\u00a0<mark class=\"QVRyCf\">puede ser una forma de transmitir fortaleza, esperanza y belleza<\/mark>.<span class=\"pjBG2e\" data-cid=\"c3831487-6136-4527-8905-8f0c77b3939b\"><span class=\"UV3uM\">\u00a0<\/span><\/span><\/span><\/p>\n<div class=\"NPrrbc\" data-cid=\"c3831487-6136-4527-8905-8f0c77b3939b\" data-uuids=\"14158370740152711032\">\n<div class=\"BMebGe btku5b fCrZyc LwdV0e FR7ZSc OJeuxf\" tabindex=\"0\" role=\"button\" aria-label=\"Ver v\u00ednculos relacionados\" data-hveid=\"CAcQAg\" data-ved=\"2ahUKEwjx1ubljOyLAxWrhJUCHV4nE2QQ3fYKegQIBxAC\">\n<div class=\"niO4u\">\n<div class=\"kHtcsd\"><\/div>\n<\/div>\n<\/div>\n<\/div>\n<\/div>\n<\/div>\n<\/div>\n<div class=\"WaaZC\">\n<div class=\"RJPOee EIJn2\">\n<ul data-hveid=\"CAkQAQ\" data-ved=\"2ahUKEwjx1ubljOyLAxWrhJUCHV4nE2QQm_YKegQICRAB\">\n<li><span data-huuid=\"14158370740152709989\">Regalar una suculenta puede significar desearle a la persona que la recibe fortaleza.<\/span><\/li>\n<li><span data-huuid=\"14158370740152710391\">Las suculentas son plantas resistentes a la sequ\u00eda, por lo que pueden vivir mucho tiempo con el cuidado adecuado.<\/span><\/li>\n<li><span data-huuid=\"1378055256496614843\">Regalar una suculenta puede transmitir la esperanza de que la persona a quien se la regala pueda superar obst\u00e1culos y florecer.<\/span><\/li>\n<li><span data-huuid=\"1255879191377608881\">Las plantas naturales son s\u00edmbolos de la fuerza y la belleza constante de la mujer.<\/span><\/li>\n<li><span data-huuid=\"1255879191377609307\">Las plantas embellecen cualquier espacio y pueden mejorar el bienestar al aportar una sensaci\u00f3n de paz y tranquilidad.<\/span><\/li>\n<\/ul>\n<\/div>\n<\/div>\n<div class=\"WaaZC\"><\/div>\n<div class=\"WaaZC\">\n<div class=\"RJPOee EIJn2\"><\/div>\n<\/div>\n<div class=\"WaaZC\">\n<div class=\"RJPOee EIJn2\">\n<div class=\"rPeykc uP58nb\" data-hveid=\"CB8QAQ\" data-ved=\"2ahUKEwjx1ubljOyLAxWrhJUCHV4nE2QQo_EKegQIHxAB\">\n<div class=\"NPrrbc\" data-cid=\"9f8cb986-3c54-4108-80fa-a93e3291d605\" data-uuids=\"1255879191377610290,1255879191377608881,1255879191377609307\">\n<div class=\"BMebGe btku5b fCrZyc LwdV0e FR7ZSc OJeuxf\" tabindex=\"0\" role=\"button\" aria-label=\"Ver v\u00ednculos relacionados\" data-hveid=\"CCAQAQ\" data-ved=\"2ahUKEwjx1ubljOyLAxWrhJUCHV4nE2QQ3fYKegQIIBAB\"><\/div>\n<\/div>\n<\/div>\n<\/div>\n<\/div>\n<div class=\"WaaZC\">\n<div class=\"RJPOee EIJn2\"><\/div>\n<\/div>\n<div id=\"_Qq3EZ_GtFauJ1sQP3s7MoAY_18\">Regalar plantas<\/div>\n<div class=\"WaaZC\">\n<div class=\"RJPOee EIJn2\">\n<ul data-hveid=\"CDIQAQ\" data-ved=\"2ahUKEwjx1ubljOyLAxWrhJUCHV4nE2QQm_YKegQIMhAB\">\n<li><span data-huuid=\"1255879191377612420\">Regalar una planta es regalar vida, ya que esa persona podr\u00e1 disfrutarla en su lugar favorito de la casa.<span class=\"pjBG2e\" data-cid=\"fb72f6ab-f4bb-42b0-8343-a54c68706d45\"><span class=\"UV3uM\">\u00a0<\/span><\/span><\/span>\n<div class=\"NPrrbc\" data-cid=\"fb72f6ab-f4bb-42b0-8343-a54c68706d45\" data-uuids=\"1255879191377612420\">\n<div class=\"BMebGe btku5b fCrZyc LwdV0e FR7ZSc OJeuxf\" tabindex=\"0\" role=\"button\" aria-label=\"Ver v\u00ednculos relacionados\" data-hveid=\"CCwQAQ\" data-ved=\"2ahUKEwjx1ubljOyLAxWrhJUCHV4nE2QQ3fYKegQILBAB\">\n<div class=\"niO4u\">\n<div class=\"kHtcsd\"><\/div>\n<\/div>\n<\/div>\n<\/div>\n<\/li>\n<li><span data-huuid=\"1255879191377608750\">Regalar una planta es un gesto cargado de significado y simbolismo, que transmite amor, gratitud y cuidado.<span class=\"pjBG2e\" data-cid=\"b5251948-756a-4e34-8e41-74807e43563c\"><span class=\"UV3uM\">\u00a0<\/span><\/span><\/span><\/li>\n<\/ul>\n<\/div>\n<\/div>\n","protected":false},"excerpt":{"rendered":"<p>Vela artesanal con dise\u00f1o elaborada en cera de soja o abeja, con aroma y color a elecci\u00f3n.<\/p>\n<ul>\n<li>Incluye envase de cer\u00e1mica y Tag Personalizada<\/li>\n<li>Incluye Envoltura de Tul<\/li>\n<li>Aromas suaves y envolventes, brindan belleza y serenidad<\/li>\n<li>Dise\u00f1o minimalista y elegante, ideal para cualquier tipo de evento o celebraci\u00f3n<\/li>\n<li>Sostenible, libre de parafinas y elaborada con amor<\/li>\n<\/ul>\n","protected":false},"featured_media":870,"template":"","meta":{"_et_pb_use_builder":"off","_et_pb_old_content":"<strong>\u00bfPor qu\u00e9 regalar suculentas y plantas en tu Boda o Evento?<\/strong>\r\n\r\nCuando tienes un evento especial, sea una boda, comuni\u00f3n, bautizo o un evento corporativo o de tu empresa, siempre quieres dar un recuerdo especial a tus invitados. Muchas veces esta decisi\u00f3n puede ser complicada, porque buscas algo que guste a todos y tenga variedad.\r\n\r\nLas plantas son seres vivos y por tanto, brindan una sensaci\u00f3n de cercan\u00eda que no consigues con otros regalos m\u00e1s impersonales. Por esto, en Ecobotanica Per\u00fa tenemos para tu pr\u00f3ximo evento la posibilidad de dar un regalo con prop\u00f3sito, plantas y ver\u00e1s como tus invitados no olvidar\u00e1n ese hermoso detalles\r\n\r\nLos profesionales de la salud mental consideran que tener plantas a tu alrededor puede ayudarte a mejorar tus estados de ansiedad. La naturaleza da sensaci\u00f3n de paz y calma que tambi\u00e9n\u00a0<b>contribuye a aliviar el estr\u00e9s de la vida diaria<\/b>.\r\n\r\n<b>\u00bfPor qu\u00e9<\/b><strong>\u00a0regalar Suculentas?<\/strong>\r\n\r\nSeg\u00fan la filosof\u00eda Feng Shui, las suculentas <b>son consideradas como guardianes protectores, purifican el ambiente y favorecen la armon\u00eda<\/b>, por lo que su significado es perfecto para incluirlas en una boda o celebraci\u00f3n.\r\n\r\n\u00bfSon f\u00e1ciles de cuidar las Suculentas?\r\n\r\nEn Ecobotanica Per\u00fa sabemos que vivimos en una \u00e9poca donde no tenemos mucho tiempo, y una suculentas es tu compa\u00f1era ideal, ya que no requiere mucha agua, es muy resistente y solo necesitan estar cerca a una ventana para ser felices.","_et_gb_content_width":"","_joinchat":[]},"product_brand":[],"product_cat":[182,118],"product_tag":[25,82,26,27,88,86,94,90,29,95,96,100,98,146,99,89,30,31,32,93,81,101,33,85,91,147,148,149,150,34,35,36,37,92,179,180,38,151,152,39,178,102,87,153,154,155,156,157,158,159,160,161,162,163,164,165,166,167,168,169,170,171,172,173,40,41,42,43,44,45,46,47,48,49,50,51,52,53,54,55,56,57,58,59,60,61,62,174,63,64,65,66,67,68,69,70,71,72,73,83,84,74,175,176,177,75,76,77,78],"class_list":{"0":"post-868","1":"product","2":"type-product","3":"status-publish","4":"has-post-thumbnail","6":"product_cat-dia-de-la-mujer","7":"product_cat-regalos-dia-de-la-madre","8":"product_tag-barato","9":"product_tag-botanika","10":"product_tag-box-de-regalos-corporativos","11":"product_tag-cajas-de-regalo-corporativos","12":"product_tag-daya-peru","13":"product_tag-detalazo","14":"product_tag-detalles-amatista","15":"product_tag-dulce-compania","16":"product_tag-economico","17":"product_tag-florerias-unidad","18":"product_tag-florerias-unidas","19":"product_tag-go-plant","20":"product_tag-green-moon-peru","21":"product_tag-greenhouse-peru","22":"product_tag-greenmoon","23":"product_tag-henna-corp","24":"product_tag-kokedamas","25":"product_tag-kokedamas-peru","26":"product_tag-kokedamasperu","27":"product_tag-kukyflor","28":"product_tag-la-botanika","29":"product_tag-la-tiendita-suculenta","30":"product_tag-lima","31":"product_tag-lima-handamade","32":"product_tag-loons-peru","33":"product_tag-lucky-bamboo","34":"product_tag-lucky-bamboo-peru","35":"product_tag-lucky-bambu","36":"product_tag-lucky-bambu-peru","37":"product_tag-macetas-biodegradables","38":"product_tag-macetas-de-arcilla","39":"product_tag-macetas-de-cemento","40":"product_tag-macetas-decorativas-peru","41":"product_tag-magia-peru","42":"product_tag-mercado-de-flores","43":"product_tag-mercado-de-flores-acho","44":"product_tag-merchandising-ecologico","45":"product_tag-mini-suculentas-lima","46":"product_tag-mini-suculentas-peru","47":"product_tag-peru","48":"product_tag-plaza-de-flores","49":"product_tag-punta-hermosa","50":"product_tag-que-detalazo","51":"product_tag-recuerdos-al-por-mayor-lima","52":"product_tag-recuerdos-ano-de-fallecimiento","53":"product_tag-recuerdos-baby-shower","54":"product_tag-recuerdos-baby-shower-nina","55":"product_tag-recuerdos-bautizo","56":"product_tag-recuerdos-boda","57":"product_tag-recuerdos-comunion","58":"product_tag-recuerdos-comunion-peru","59":"product_tag-recuerdos-con-plantas","60":"product_tag-recuerdos-con-suculentas-lima","61":"product_tag-recuerdos-confirmacion","62":"product_tag-recuerdos-dia-de-la-amistad","63":"product_tag-recuerdos-ecologicos","64":"product_tag-recuerdos-para-bautizo","65":"product_tag-recuerdos-para-boda","66":"product_tag-recuerdos-para-eventos","67":"product_tag-recuerdos-para-misa-de-difuntos","68":"product_tag-recuerdos-para-primer-mes-de-fallecido","69":"product_tag-recuerdos-para-primera-comunion","70":"product_tag-recuerdos-para-quinceaneros","71":"product_tag-recuerdos-vivos","72":"product_tag-regalar-plantas","73":"product_tag-regalar-vida","74":"product_tag-regalos-corporativos","75":"product_tag-regalos-corporativos-premium","76":"product_tag-regalos-de-aniversario-para-mi-novio","77":"product_tag-regalos-de-cumpleanos","78":"product_tag-regalos-de-navidad","79":"product_tag-regalos-ecologicos","80":"product_tag-regalos-ecologicos-peru","81":"product_tag-regalos-ecologicos-premium","82":"product_tag-regalos-empresariales","83":"product_tag-regalos-empresariales-premium","84":"product_tag-regalos-flores","85":"product_tag-regalos-navidad","86":"product_tag-regalos-para-cumpleanos","87":"product_tag-regalos-para-el-dia-del-padre","88":"product_tag-regalos-para-hombres","89":"product_tag-regalos-para-mama","90":"product_tag-regalos-para-mi-novio","91":"product_tag-regalos-para-mujeres","92":"product_tag-regalos-para-navidad","93":"product_tag-regalos-para-papa","94":"product_tag-regalos-personalizados","95":"product_tag-regalos-plantas","96":"product_tag-regalos-premium","97":"product_tag-regalos-premium-a-domicilio","98":"product_tag-regalos-premium-corporativos","99":"product_tag-regalos-premium-para-empresas","100":"product_tag-regalos-premium-para-hombres","101":"product_tag-regalos-premium-para-mujeres","102":"product_tag-regalos-premium-peru","103":"product_tag-regalos-primer-mes-de-enamorados","104":"product_tag-regalos-promocionales","105":"product_tag-regalos-vivos","106":"product_tag-regalos-vivos-peru","107":"product_tag-rosatel","108":"product_tag-sorprende-lima","109":"product_tag-suculentas","110":"product_tag-suculentas-para-baby-shower","111":"product_tag-suculentas-para-bautizo","112":"product_tag-suculentas-para-matrimonios","113":"product_tag-suculentas-peru","114":"product_tag-suculentasperu","115":"product_tag-vivero-lima-peru","116":"product_tag-wilson","118":"first","119":"onbackorder","120":"shipping-taxable","121":"purchasable","122":"product-type-variable"},"jetpack_sharing_enabled":true,"_links":{"self":[{"href":"https:\/\/ecobotanicaperu.com\/index.php\/wp-json\/wp\/v2\/product\/868","targetHints":{"allow":["GET"]}}],"collection":[{"href":"https:\/\/ecobotanicaperu.com\/index.php\/wp-json\/wp\/v2\/product"}],"about":[{"href":"https:\/\/ecobotanicaperu.com\/index.php\/wp-json\/wp\/v2\/types\/product"}],"wp:featuredmedia":[{"embeddable":true,"href":"https:\/\/ecobotanicaperu.com\/index.php\/wp-json\/wp\/v2\/media\/870"}],"wp:attachment":[{"href":"https:\/\/ecobotanicaperu.com\/index.php\/wp-json\/wp\/v2\/media?parent=868"}],"wp:term":[{"taxonomy":"product_brand","embeddable":true,"href":"https:\/\/ecobotanicaperu.com\/index.php\/wp-json\/wp\/v2\/product_brand?post=868"},{"taxonomy":"product_cat","embeddable":true,"href":"https:\/\/ecobotanicaperu.com\/index.php\/wp-json\/wp\/v2\/product_cat?post=868"},{"taxonomy":"product_tag","embeddable":true,"href":"https:\/\/ecobotanicaperu.com\/index.php\/wp-json\/wp\/v2\/product_tag?post=868"}],"curies":[{"name":"wp","href":"https:\/\/api.w.org\/{rel}","templated":true}]}}